{"id":5673968,"date":"2020-12-11T18:16:56","date_gmt":"2020-12-11T17:16:56","guid":{"rendered":"http:\/\/www.stolnytenis-zahorskabystrica.sk\/sk\/?page_id=5673968"},"modified":"2025-04-04T01:15:38","modified_gmt":"2025-04-03T23:15:38","slug":"bratislavska-liga-muzi-a","status":"publish","type":"page","link":"https:\/\/www.stolnytenis-zahorskabystrica.sk\/sk\/bratislavske-ligy\/bratislavska-liga-muzi-a\/","title":{"rendered":"Na\u0161e dru\u017estvo A &#8211; 8. liga"},"content":{"rendered":"[vc_row el_class=&#8220;produkt-page&#8220;][vc_column width=&#8220;2\/3&#8243; offset=&#8220;vc_col-lg-offset-2 vc_col-md-offset-2 vc_col-sm-offset-2 vc_col-xs-12&#8243;][vc_custom_heading text=&#8220;Bratislavsk\u00e1 liga mu\u017ei A&#8220; use_theme_fonts=&#8220;yes&#8220; css=&#8220;.vc_custom_1607718391951{margin-top: 30px !important;}&#8220;][vc_single_image image=&#8220;5674098&#8243; img_size=&#8220;full&#8220; alignment=&#8220;center&#8220;]<div class=\"norebro-gallery-sc gallery-wrap\"\r\n\tid=\"norebro-custom-images-69ece65cebfde\"\r\n\tdata-gallery=\"norebro-custom-69ece65cebfdd\"\r\n\t\t>\r\n\r\n\t\r\n\t<div class=\"vc_row norebro-masonry\" data-lazy-container=\"gallery\">\r\n\r\n\t\t\t<div class=\" vc_col-lg-3 vc_col-md-4 vc_col-sm-6 vc_col-xs-12 masonry-block grid-item gallery-image\" data-gallery-item=\"0\" data-lazy-item=\"\" data-lazy-scope=\"gallery\">\r\n\t\t<div class=\"wrap\">\r\n\t\t\t\t\t\t\t<img class=\"gimg\" src=\"https:\/\/www.stolnytenis-zahorskabystrica.sk\/sk\/wp-content\/uploads\/2020\/12\/A.jpg\" alt=\"\">\r\n\t\t\t\t\t\t<div class=\"overlay hidden\">\r\n\t\t\t\t<div class=\"content-center text-center\">\r\n\t\t\t\t\t<div class=\"wrap\">\r\n\t\t\t\t\t\t<h4 class=\"inline\">\r\n\t\t\t\t\t\t\t\t\t\t\t\t\tView Fullscreen\t\t\t\t\t\t\t\t\t\t\t\t<\/h4>\r\n\t\t\t\t\t\t<div class=\"icon inline ion-ios-plus-empty\"><\/div>\r\n\t\t\t\t\t<\/div>\r\n\t\t\t\t<\/div>\r\n\t\t\t<\/div>\r\n\t\t\t<div class=\"gallery-description\">\r\n\t\t\t\t<h3 class=\"title\">A<\/h3>\r\n\t\t\t\t<p class=\"subtitle small\">\r\n\t\t\t\t\t\t\t\t\t<\/p>\r\n\t\t\t<\/div>\r\n\t\t<\/div>\r\n\t<\/div>\r\n\t\t\t<div class=\" vc_col-lg-3 vc_col-md-4 vc_col-sm-6 vc_col-xs-12 masonry-block grid-item gallery-image\" data-gallery-item=\"1\" data-lazy-item=\"\" data-lazy-scope=\"gallery\">\r\n\t\t<div class=\"wrap\">\r\n\t\t\t\t\t\t\t<img class=\"gimg\" src=\"https:\/\/www.stolnytenis-zahorskabystrica.sk\/sk\/wp-content\/uploads\/2020\/12\/A1.jpg\" alt=\"\">\r\n\t\t\t\t\t\t<div class=\"overlay hidden\">\r\n\t\t\t\t<div class=\"content-center text-center\">\r\n\t\t\t\t\t<div class=\"wrap\">\r\n\t\t\t\t\t\t<h4 class=\"inline\">\r\n\t\t\t\t\t\t\t\t\t\t\t\t\tView Fullscreen\t\t\t\t\t\t\t\t\t\t\t\t<\/h4>\r\n\t\t\t\t\t\t<div class=\"icon inline ion-ios-plus-empty\"><\/div>\r\n\t\t\t\t\t<\/div>\r\n\t\t\t\t<\/div>\r\n\t\t\t<\/div>\r\n\t\t\t<div class=\"gallery-description\">\r\n\t\t\t\t<h3 class=\"title\">A1<\/h3>\r\n\t\t\t\t<p class=\"subtitle small\">\r\n\t\t\t\t\t\t\t\t\t<\/p>\r\n\t\t\t<\/div>\r\n\t\t<\/div>\r\n\t<\/div>\r\n\t\t\t<div class=\" vc_col-lg-3 vc_col-md-4 vc_col-sm-6 vc_col-xs-12 masonry-block grid-item gallery-image\" data-gallery-item=\"2\" data-lazy-item=\"\" data-lazy-scope=\"gallery\">\r\n\t\t<div class=\"wrap\">\r\n\t\t\t\t\t\t\t<img class=\"gimg\" src=\"https:\/\/www.stolnytenis-zahorskabystrica.sk\/sk\/wp-content\/uploads\/2020\/12\/A2.jpg\" alt=\"\">\r\n\t\t\t\t\t\t<div class=\"overlay hidden\">\r\n\t\t\t\t<div class=\"content-center text-center\">\r\n\t\t\t\t\t<div class=\"wrap\">\r\n\t\t\t\t\t\t<h4 class=\"inline\">\r\n\t\t\t\t\t\t\t\t\t\t\t\t\tView Fullscreen\t\t\t\t\t\t\t\t\t\t\t\t<\/h4>\r\n\t\t\t\t\t\t<div class=\"icon inline ion-ios-plus-empty\"><\/div>\r\n\t\t\t\t\t<\/div>\r\n\t\t\t\t<\/div>\r\n\t\t\t<\/div>\r\n\t\t\t<div class=\"gallery-description\">\r\n\t\t\t\t<h3 class=\"title\">A2<\/h3>\r\n\t\t\t\t<p class=\"subtitle small\">\r\n\t\t\t\t\t\t\t\t\t<\/p>\r\n\t\t\t<\/div>\r\n\t\t<\/div>\r\n\t<\/div>\r\n\t\t\t<div class=\" vc_col-lg-3 vc_col-md-4 vc_col-sm-6 vc_col-xs-12 masonry-block grid-item gallery-image\" data-gallery-item=\"3\" data-lazy-item=\"\" data-lazy-scope=\"gallery\">\r\n\t\t<div class=\"wrap\">\r\n\t\t\t\t\t\t\t<img class=\"gimg\" src=\"https:\/\/www.stolnytenis-zahorskabystrica.sk\/sk\/wp-content\/uploads\/2020\/12\/A3.jpg\" alt=\"\">\r\n\t\t\t\t\t\t<div class=\"overlay hidden\">\r\n\t\t\t\t<div class=\"content-center text-center\">\r\n\t\t\t\t\t<div class=\"wrap\">\r\n\t\t\t\t\t\t<h4 class=\"inline\">\r\n\t\t\t\t\t\t\t\t\t\t\t\t\tView Fullscreen\t\t\t\t\t\t\t\t\t\t\t\t<\/h4>\r\n\t\t\t\t\t\t<div class=\"icon inline ion-ios-plus-empty\"><\/div>\r\n\t\t\t\t\t<\/div>\r\n\t\t\t\t<\/div>\r\n\t\t\t<\/div>\r\n\t\t\t<div class=\"gallery-description\">\r\n\t\t\t\t<h3 class=\"title\">A3<\/h3>\r\n\t\t\t\t<p class=\"subtitle small\">\r\n\t\t\t\t\t\t\t\t\t<\/p>\r\n\t\t\t<\/div>\r\n\t\t<\/div>\r\n\t<\/div>\r\n\t\t<div class=\"clear\"><\/div>\r\n\r\n\t<\/div>\r\n\r\n\t\r\n<\/div>\r\n\r\n<div class=\"norebro-gallery-opened-sc custom-gallery\"\r\n\tid=\"norebro-custom-69ece65cebfdd\"\r\n\tdata-options='{\"navClass\":\"\"}'>\r\n\r\n\t<div class=\"expand\">\r\n\t\t<span class=\"ion-android-expand\"><\/span>\r\n\t<\/div>\r\n\t<div class=\"close\">\r\n\t\t<span class=\"ion-ios-close-empty\"><\/span>\r\n\t<\/div>\r\n\r\n<\/div>\r\n[\/vc_column][\/vc_row][vc_row full_width=&#8220;stretch_row&#8220; el_class=&#8220;produkt-page&#8220; css=&#8220;.vc_custom_1590497237023{margin-top: 50px !important;margin-bottom: 0px !important;background-color: rgba(31,182,255,0.1) !important;*background-color: rgb(31,182,255) !important;}&#8220;][vc_column width=&#8220;2\/3&#8243; offset=&#8220;vc_col-lg-offset-2 vc_col-md-offset-2 vc_col-sm-offset-2 vc_col-xs-12&#8243;]<div class=\"norebro-text-sc kontaktny-formular\" \r\n\tid=\"norebro-custom-69ece65cec10c\" \r\n\t \r\n\t>\r\n\r\n\t<div class=\"caldera-grid\" id=\"caldera_form_1\" data-cf-ver=\"1.9.2\" data-cf-form-id=\"CF5ea816fbbc64d\"><div id=\"caldera_notices_1\" data-spinner=\"https:\/\/www.stolnytenis-zahorskabystrica.sk\/sk\/wp-admin\/images\/spinner.gif\"><\/div><form data-instance=\"1\" class=\"CF5ea816fbbc64d caldera_forms_form cfajax-trigger\" method=\"POST\" enctype=\"multipart\/form-data\" id=\"CF5ea816fbbc64d_1\" data-form-id=\"CF5ea816fbbc64d\" aria-label=\"Kontakt\" data-target=\"#caldera_notices_1\" data-template=\"#cfajax_CF5ea816fbbc64d-tmpl\" data-cfajax=\"CF5ea816fbbc64d\" data-load-element=\"_parent\" data-load-class=\"cf_processing\" data-post-disable=\"0\" data-action=\"cf_process_ajax_submit\" data-request=\"https:\/\/www.stolnytenis-zahorskabystrica.sk\/sk\/cf-api\/CF5ea816fbbc64d\" data-hiderows=\"true\">\r\n<input type=\"hidden\" id=\"_cf_verify_CF5ea816fbbc64d\" name=\"_cf_verify\" value=\"879ce95fd7\"  data-nonce-time=\"1777133148\" \/><input type=\"hidden\" name=\"_wp_http_referer\" value=\"\/sk\/wp-json\/wp\/v2\/pages\/5673968\" \/><div id=\"cf2-CF5ea816fbbc64d_1\"><\/div><input type=\"hidden\" name=\"_cf_frm_id\" value=\"CF5ea816fbbc64d\">\r\n<input type=\"hidden\" name=\"_cf_frm_ct\" value=\"1\">\r\n<input type=\"hidden\" name=\"cfajax\" value=\"CF5ea816fbbc64d\">\r\n<input type=\"hidden\" name=\"_cf_cr_pst\" value=\"5673968\">\r\n<div class=\"hide\" style=\"display:none; overflow:hidden;height:0;width:0;\">\r\n<label>Order Number<\/label><input type=\"text\" name=\"order_number\" value=\"\" autocomplete=\"off\">\r\n<\/div><div id=\"CF5ea816fbbc64d_1-row-1\"  class=\"row  first_row\"><div  class=\"col-sm-12  single\"><div class=\"\"><h2>M\u00e1te z\u00e1ujem o na\u0161e slu\u017eby?<\/h2>\n<p>Uve\u010fte va\u0161e \u00fadaje a my v\u00e1s budeme obratom kontaktova\u0165.<\/p>\n<hr>\n<\/div><\/div><\/div><div id=\"CF5ea816fbbc64d_1-row-2\"  class=\"row \"><div  class=\"col-sm-6  first_col\"><div data-field-wrapper=\"fld_8768091\" class=\"form-group\" id=\"fld_8768091_1-wrap\">\r\n\t<label id=\"fld_8768091Label\" for=\"fld_8768091_1\" class=\"control-label screen-reader-text sr-only\">Meno<\/label>\r\n\t<div class=\"\">\r\n\t\t<input placeholder=\"Meno\"  required type=\"text\" data-field=\"fld_8768091\" class=\" form-control\" id=\"fld_8768091_1\" name=\"fld_8768091\" value=\"\" data-type=\"text\" aria-required=\"true\"   aria-labelledby=\"fld_8768091Label\" >\t\t\t<\/div>\r\n<\/div>\r\n<div data-field-wrapper=\"fld_9970286\" class=\"form-group\" id=\"fld_9970286_1-wrap\">\r\n\t<label id=\"fld_9970286Label\" for=\"fld_9970286_1\" class=\"control-label screen-reader-text sr-only\">Priezvisko<\/label>\r\n\t<div class=\"\">\r\n\t\t<input placeholder=\"Priezvisko\"  required type=\"text\" data-field=\"fld_9970286\" class=\" form-control\" id=\"fld_9970286_1\" name=\"fld_9970286\" value=\"\" data-type=\"text\" aria-required=\"true\"   aria-labelledby=\"fld_9970286Label\" >\t\t\t<\/div>\r\n<\/div>\r\n<\/div><div  class=\"col-sm-6  last_col\"><div data-field-wrapper=\"fld_6009157\" class=\"form-group\" id=\"fld_6009157_1-wrap\">\r\n\t<label id=\"fld_6009157Label\" for=\"fld_6009157_1\" class=\"control-label screen-reader-text sr-only\">Email<\/label>\r\n\t<div class=\"\">\r\n\t\t<input placeholder=\"Email\"  required type=\"email\" data-field=\"fld_6009157\" class=\" form-control\" id=\"fld_6009157_1\" name=\"fld_6009157\" value=\"\" data-type=\"email\" aria-required=\"true\"   aria-labelledby=\"fld_6009157Label\" >\t\t\t<\/div>\r\n<\/div>\r\n<div data-field-wrapper=\"fld_1620163\" class=\"form-group\" id=\"fld_1620163_1-wrap\">\r\n\t<label id=\"fld_1620163Label\" for=\"fld_1620163_1\" class=\"control-label screen-reader-text sr-only\">Tel<\/label>\r\n\t<div class=\"\">\r\n\t\t<input placeholder=\"Telef\u00f3n\"  required type=\"text\" data-field=\"fld_1620163\" class=\" form-control\" id=\"fld_1620163_1\" name=\"fld_1620163\" value=\"\" data-type=\"text\" aria-required=\"true\"   aria-labelledby=\"fld_1620163Label\" >\t\t\t<\/div>\r\n<\/div>\r\n<\/div><\/div><div id=\"CF5ea816fbbc64d_1-row-3\"  class=\"row \"><div  class=\"col-sm-12  single\"><div data-field-wrapper=\"fld_7683514\" class=\"form-group\" id=\"fld_7683514_1-wrap\">\r\n\t<label id=\"fld_7683514Label\" for=\"fld_7683514_1\" class=\"control-label screen-reader-text sr-only\">Spr\u00e1va<\/label>\r\n\t<div class=\"\">\r\n\t\t<textarea name=\"fld_7683514\" value=\"\" data-field=\"fld_7683514\" class=\"form-control\" id=\"fld_7683514_1\" rows=\"7\" placeholder=\"M\u00e1te z\u00e1ujem o na\u0161e slu\u017eby? Budeme v\u00e1s obratom kontaktova\u0165.\"  required=\"required\"  aria-labelledby=\"fld_7683514Label\" ><\/textarea>\r\n\t\t\t<\/div>\r\n<\/div>\r\n<\/div><\/div><div id=\"CF5ea816fbbc64d_1-row-4\"  class=\"row \"><div  class=\"col-sm-12  single\"><div data-field-wrapper=\"fld_8976655\" class=\"form-group\" id=\"fld_8976655_1-wrap\">\r\n\t<label id=\"fld_8976655Label\" for=\"fld_8976655_1\" class=\"control-label screen-reader-text sr-only\">GDPR<\/label>\r\n\t<div class=\"\">\r\n\t\t\t\t\t\t\t\t\t\t\t<div class=\"checkbox\">\r\n\t\t\t\t\r\n                <label                         for=\"fld_8976655_1_opt1267649\"\r\n                >\r\n                            <input\r\n                                data-parsley-required=\"true\" data-parsley-group=\"fld_8976655_1\" data-parsley-multiple=\"fld_8976655_1\"                                type=\"checkbox\"\r\n                                data-label=\"&lt;a href=&quot;http:\/\/www.stolnytenis-zahorskabystrica.sk\/sk\/spracovanie-osobnych-udajov-pre-marketing\/&quot;&gt;S\u00fahlas\u00edm so spracovan\u00edm osobn\u00fdch \u00fadajov v s\u00falade s nariaden\u00edm GDPR o ochrane osobn\u00fdch \u00fadajov&lt;\/a&gt;\"\r\n                                data-field=\"fld_8976655\"\r\n                                id=\"fld_8976655_1_opt1267649\"\r\n                                class=\"fld_8976655_1 option-required\"\r\n                                name=\"fld_8976655[opt1267649]\"\r\n                                value=\"&lt;a href=&quot;http:\/\/www.stolnytenis-zahorskabystrica.sk\/sk\/spracovanie-osobnych-udajov-pre-marketing\/&quot;&gt;S\u00fahlas\u00edm so spracovan\u00edm osobn\u00fdch \u00fadajov v s\u00falade s nariaden\u00edm GDPR o ochrane osobn\u00fdch \u00fadajov&lt;\/a&gt;\"\r\n                                                                data-type=\"checkbox\"\r\n                                data-checkbox-field=\"fld_8976655_1\"\r\n                                                                data-calc-value=\"&lt;a href=&quot;http:\/\/www.stolnytenis-zahorskabystrica.sk\/sk\/spracovanie-osobnych-udajov-pre-marketing\/&quot;&lt;\/a&gt;\"\r\n                            >\r\n                    <a href=\"http:\/\/www.stolnytenis-zahorskabystrica.sk\/sk\/spracovanie-osobnych-udajov-pre-marketing\/\">S\u00fahlas\u00edm so spracovan\u00edm osobn\u00fdch \u00fadajov v s\u00falade s nariaden\u00edm GDPR o ochrane osobn\u00fdch \u00fadajov<\/a>                <\/label>\r\n\r\n                \t\t\t\t\t<\/div>\r\n\t\t\t\t\t\t\t\t\t\t\t<\/div>\r\n<\/div>\r\n<\/div><\/div><div id=\"CF5ea816fbbc64d_1-row-5\"  class=\"row  last_row\"><div  class=\"col-sm-12  single\"><div data-field-wrapper=\"fld_7908577\" class=\"form-group\" id=\"fld_7908577_1-wrap\">\r\n<div class=\"\">\r\n\t<input  class=\"btn btn-default btn-formular\" type=\"submit\" name=\"fld_7908577\" id=\"fld_7908577_1\" value=\"Posla\u0165 spr\u00e1vu\" data-field=\"fld_7908577\"  >\r\n<\/div>\r\n<\/div>\r\n\t<input class=\"button_trigger_1\" type=\"hidden\" name=\"fld_7908577\" id=\"fld_7908577_1_btn\" value=\"\" data-field=\"fld_7908577\"  \/>\r\n<\/div><\/div><\/form>\r\n<\/div>\n\t\r\n<\/div>[\/vc_column][\/vc_row]\n","protected":false},"excerpt":{"rendered":"<p>[vc_row el_class=&#8220;produkt-page&#8220;][vc_column width=&#8220;2\/3&#8243; offset=&#8220;vc_col-lg-offset-2 vc_col-md-offset-2 vc_col-sm-offset-2 vc_col-xs-12&#8243;][vc_custom_heading text=&#8220;Bratislavsk\u00e1 liga mu\u017ei A&#8220; use_theme_fonts=&#8220;yes&#8220; css=&#8220;.vc_custom_1607718391951{margin-top: 30px&#8230;<\/p>\n","protected":false},"author":2,"featured_media":0,"parent":5673964,"menu_order":0,"comment_status":"closed","ping_status":"closed","template":"","meta":[],"yoast_head":"<!-- This site is optimized with the Yoast SEO plugin v14.9 - https:\/\/yoast.com\/wordpress\/plugins\/seo\/ -->\n<title>Na\u0161e dru\u017estvo A - 8. liga | stolnytenis-zahorskabystrica.sk\/sk<\/title>\n<meta name=\"robots\" content=\"index, follow, max-snippet:-1, max-image-preview:large, max-video-preview:-1\" \/>\n<link rel=\"canonical\" href=\"http:\/\/www.stolnytenis-zahorskabystrica.sk\/sk\/bratislavske-ligy\/bratislavska-liga-muzi-a\/\" \/>\n<meta property=\"og:locale\" content=\"sk_SK\" \/>\n<meta property=\"og:type\" content=\"article\" \/>\n<meta property=\"og:title\" content=\"Na\u0161e dru\u017estvo A - 8. liga | stolnytenis-zahorskabystrica.sk\/sk\" \/>\n<meta property=\"og:description\" content=\"[vc_row el_class=&#8220;produkt-page&#8220;][vc_column width=&#8220;2\/3&#8243; offset=&#8220;vc_col-lg-offset-2 vc_col-md-offset-2 vc_col-sm-offset-2 vc_col-xs-12&#8243;][vc_custom_heading text=&#8220;Bratislavsk\u00e1 liga mu\u017ei A&#8220; use_theme_fonts=&#8220;yes&#8220; css=&#8220;.vc_custom_1607718391951{margin-top: 30px...\" \/>\n<meta property=\"og:url\" content=\"http:\/\/www.stolnytenis-zahorskabystrica.sk\/sk\/bratislavske-ligy\/bratislavska-liga-muzi-a\/\" \/>\n<meta property=\"og:site_name\" content=\"stolnytenis-zahorskabystrica.sk\/sk\" \/>\n<meta property=\"article:modified_time\" content=\"2025-04-03T23:15:38+00:00\" \/>\n<meta name=\"twitter:card\" content=\"summary_large_image\" \/>\n<script type=\"application\/ld+json\" class=\"yoast-schema-graph\">{\"@context\":\"https:\/\/schema.org\",\"@graph\":[{\"@type\":\"Organization\",\"@id\":\"https:\/\/www.stolnytenis-zahorskabystrica.sk\/sk\/#organization\",\"name\":\"Spolo\\u010denstvo Priate\\u013eov Stoln\\u00e9ho Tenisu \\u2013 Z\\u00e1horsk\\u00e1 Bystrica\",\"url\":\"https:\/\/www.stolnytenis-zahorskabystrica.sk\/sk\/\",\"sameAs\":[],\"logo\":{\"@type\":\"ImageObject\",\"@id\":\"https:\/\/www.stolnytenis-zahorskabystrica.sk\/sk\/#logo\",\"inLanguage\":\"sk-SK\",\"url\":\"https:\/\/www.stolnytenis-zahorskabystrica.sk\/sk\/wp-content\/uploads\/2020\/12\/logo.png\",\"width\":129,\"height\":111,\"caption\":\"Spolo\\u010denstvo Priate\\u013eov Stoln\\u00e9ho Tenisu \\u2013 Z\\u00e1horsk\\u00e1 Bystrica\"},\"image\":{\"@id\":\"https:\/\/www.stolnytenis-zahorskabystrica.sk\/sk\/#logo\"}},{\"@type\":\"WebSite\",\"@id\":\"https:\/\/www.stolnytenis-zahorskabystrica.sk\/sk\/#website\",\"url\":\"https:\/\/www.stolnytenis-zahorskabystrica.sk\/sk\/\",\"name\":\"stolnytenis-zahorskabystrica.sk\/sk\",\"description\":\"Stoln\\u00fd tenis je hra, tak sa po\\u010fme v\\u0161etci hra\\u0165\",\"publisher\":{\"@id\":\"https:\/\/www.stolnytenis-zahorskabystrica.sk\/sk\/#organization\"},\"potentialAction\":[{\"@type\":\"SearchAction\",\"target\":\"https:\/\/www.stolnytenis-zahorskabystrica.sk\/sk\/?s={search_term_string}\",\"query-input\":\"required name=search_term_string\"}],\"inLanguage\":\"sk-SK\"},{\"@type\":\"WebPage\",\"@id\":\"http:\/\/www.stolnytenis-zahorskabystrica.sk\/sk\/bratislavske-ligy\/bratislavska-liga-muzi-a\/#webpage\",\"url\":\"http:\/\/www.stolnytenis-zahorskabystrica.sk\/sk\/bratislavske-ligy\/bratislavska-liga-muzi-a\/\",\"name\":\"Na\\u0161e dru\\u017estvo A - 8. liga | stolnytenis-zahorskabystrica.sk\/sk\",\"isPartOf\":{\"@id\":\"https:\/\/www.stolnytenis-zahorskabystrica.sk\/sk\/#website\"},\"datePublished\":\"2020-12-11T17:16:56+00:00\",\"dateModified\":\"2025-04-03T23:15:38+00:00\",\"inLanguage\":\"sk-SK\",\"potentialAction\":[{\"@type\":\"ReadAction\",\"target\":[\"http:\/\/www.stolnytenis-zahorskabystrica.sk\/sk\/bratislavske-ligy\/bratislavska-liga-muzi-a\/\"]}]}]}<\/script>\n<!-- \/ Yoast SEO plugin. -->","_links":{"self":[{"href":"https:\/\/www.stolnytenis-zahorskabystrica.sk\/sk\/wp-json\/wp\/v2\/pages\/5673968"}],"collection":[{"href":"https:\/\/www.stolnytenis-zahorskabystrica.sk\/sk\/wp-json\/wp\/v2\/pages"}],"about":[{"href":"https:\/\/www.stolnytenis-zahorskabystrica.sk\/sk\/wp-json\/wp\/v2\/types\/page"}],"author":[{"embeddable":true,"href":"https:\/\/www.stolnytenis-zahorskabystrica.sk\/sk\/wp-json\/wp\/v2\/users\/2"}],"replies":[{"embeddable":true,"href":"https:\/\/www.stolnytenis-zahorskabystrica.sk\/sk\/wp-json\/wp\/v2\/comments?post=5673968"}],"version-history":[{"count":6,"href":"https:\/\/www.stolnytenis-zahorskabystrica.sk\/sk\/wp-json\/wp\/v2\/pages\/5673968\/revisions"}],"predecessor-version":[{"id":5674947,"href":"https:\/\/www.stolnytenis-zahorskabystrica.sk\/sk\/wp-json\/wp\/v2\/pages\/5673968\/revisions\/5674947"}],"up":[{"embeddable":true,"href":"https:\/\/www.stolnytenis-zahorskabystrica.sk\/sk\/wp-json\/wp\/v2\/pages\/5673964"}],"wp:attachment":[{"href":"https:\/\/www.stolnytenis-zahorskabystrica.sk\/sk\/wp-json\/wp\/v2\/media?parent=5673968"}],"curies":[{"name":"wp","href":"https:\/\/api.w.org\/{rel}","templated":true}]}}