{"id":5673964,"date":"2020-12-11T18:16:04","date_gmt":"2020-12-11T17:16:04","guid":{"rendered":"http:\/\/www.stolnytenis-zahorskabystrica.sk\/sk\/?page_id=5673964"},"modified":"2025-04-04T01:45:20","modified_gmt":"2025-04-03T23:45:20","slug":"bratislavske-ligy","status":"publish","type":"page","link":"https:\/\/www.stolnytenis-zahorskabystrica.sk\/sk\/bratislavske-ligy\/","title":{"rendered":"Ligy"},"content":{"rendered":"[vc_row el_class=&#8220;klienti top&#8220; css=&#8220;.vc_custom_1603039868299{margin-bottom: 10px !important;}&#8220;][vc_column width=&#8220;1\/2&#8243; offset=&#8220;vc_col-lg-offset-3 vc_col-lg-6 vc_col-md-offset-3 vc_col-md-6 vc_col-sm-offset-3&#8243;][vc_custom_heading text=&#8220;BRATISLAVSK\u00c9 LIGY&#8220; font_container=&#8220;tag:h2|text_align:center&#8220; use_theme_fonts=&#8220;yes&#8220; css=&#8220;.vc_custom_1607710619955{margin-top: 10px !important;margin-bottom: 5px !important;}&#8220;][\/vc_column][\/vc_row][vc_row][vc_column][vc_column_text][\/vc_column_text][\/vc_column][\/vc_row][vc_row el_class=&#8220;produkty&#8220; css=&#8220;.vc_custom_1588011063786{margin-bottom: -100px !important;}&#8220;][vc_column]<div class=\"norebro-slider-sc slider-wrap\">\r\n\t<div class=\"slider norebro-slider  slider-offset full nav-offset\" \r\n\tid=\"norebro-custom-69ecd0858b69f\" \r\n\tdata-norebro-slider='{\"loop\":true,\"dots\":false,\"nav\":true,\"autoplay\":true,\"autoplayHoverPause\":true,\"navContainerClass\":\"slider-nav\",\"itemsDesktop\":\"3\",\"itemsTablet\":\"3\",\"itemsMobile\":\"1\",\"slideBy\":\"1\",\"autoplayTimeout\":\"5\"}' \r\n\t\t>\r\n\r\n\t\t<div class=\"slider-wrap\">\r\n\r\n\t[vc_row_inner css=&#8220;.vc_custom_1588007335352{padding-top: 10px !important;padding-right: 40px !important;padding-bottom: 40px !important;padding-left: 40px !important;}&#8220; el_class=&#8220;produkty-1&#8243;][vc_column_inner el_class=&#8220;foto&#8220; width=&#8220;5\/6&#8243; css=&#8220;.vc_custom_1607714029286{background-image: url(http:\/\/www.stolnytenis-zahorskabystrica.sk\/sk\/wp-content\/uploads\/2020\/12\/ing.jpg?id=5673996) !important;}&#8220; offset=&#8220;vc_col-lg-offset-1 vc_col-lg-10 vc_col-md-offset-1 vc_col-md-10 vc_col-sm-offset-1 vc_col-xs-12&#8243;][\/vc_column_inner][\/vc_row_inner][vc_row_inner el_class=&#8220;produkty-2&#8243;][vc_column_inner el_class=&#8220;popis&#8220; width=&#8220;5\/12&#8243; offset=&#8220;vc_col-lg-offset-7 vc_col-lg-5 vc_col-md-offset-7 vc_col-md-5 vc_col-sm-offset-7 vc_col-xs-offset-1\/5 vc_col-xs-4\/5&#8243;][vc_custom_heading text=&#8220;Na\u0161e dru\u017estvo B &#8211; 8 liga&#8220; use_theme_fonts=&#8220;yes&#8220;]<div class=\"norebro-text-sc \" \r\n\tid=\"norebro-custom-69ecd0858b82d\" \r\n\t \r\n\t>\r\n\r\n\t<p>Kapit\u00e1n B : Milan Tom\u0161o<\/p>\n\t\r\n<\/div><div class=\"norebro-cta-sc call-to-action btn-efekt\"\r\n\tid=\"norebro-custom-69ecd0858b8c2\"\r\n\t \r\n\t>\r\n\r\n\t<div class=\"content-center\">\r\n\t\t\r\n\r\n\t\t<div class=\"wrap\">\r\n\t\t\t<a href=\"http:\/\/www.stolnytenis-zahorskabystrica.sk\/sk\/ligy\/bratislavska-liga-muzi-b\/\" \r\n\t\t\tclass=\"btn btn-white btn-squared btn-large btn-efekt\">\r\n\t\t\t\t\t\t\t\t\r\n\t\t\t\t<span class=\"text1\">Zisti\u0165 viac<\/span>\r\n\t\t\t\t\r\n\t\t\t\t\t\t\t\t\t<span class=\"icon linea-arrows-right-double\"><\/span>\r\n\t\t\t\t\t\t\t<\/a>\r\n\t\t<\/div>\r\n\t\t\r\n\t\t<div class=\"wrap display\">\r\n\t\t\t<h3 class=\"title\">\r\n\t\t\t\t\t\t\t<\/h3>\r\n\t\t\t\t\t<\/div>\r\n\t<\/div>\r\n\r\n<\/div>[\/vc_column_inner][\/vc_row_inner]\t\r\n<\/div><div class=\"slider-wrap\">\r\n\r\n\t[vc_row_inner css=&#8220;.vc_custom_1588007335352{padding-top: 10px !important;padding-right: 40px !important;padding-bottom: 40px !important;padding-left: 40px !important;}&#8220; el_class=&#8220;produkty-1&#8243;][vc_column_inner el_class=&#8220;foto&#8220; width=&#8220;5\/6&#8243; css=&#8220;.vc_custom_1607865790560{background-image: url(http:\/\/www.stolnytenis-zahorskabystrica.sk\/sk\/wp-content\/uploads\/2020\/12\/13122934_1776838812535152_9078812779725142931_o.jpg?id=5674098) !important;}&#8220; offset=&#8220;vc_col-lg-offset-1 vc_col-lg-10 vc_col-md-offset-1 vc_col-md-10 vc_col-sm-offset-1 vc_col-xs-12&#8243;][\/vc_column_inner][\/vc_row_inner][vc_custom_heading text=&#8220;Na\u0161e dru\u017estvo A &#8211; 6 liga&#8220; use_theme_fonts=&#8220;yes&#8220;][vc_row_inner el_class=&#8220;produkty-2&#8243;][vc_column_inner el_class=&#8220;8. liga&#8220; width=&#8220;5\/12&#8243; offset=&#8220;vc_col-lg-offset-7 vc_col-lg-5 vc_col-md-offset-7 vc_col-md-5 vc_col-sm-offset-7 vc_col-xs-offset-1\/5 vc_col-xs-4\/5&#8243;]<div class=\"norebro-text-sc \" \r\n\tid=\"norebro-custom-69ecd0858b983\" \r\n\t \r\n\t>\r\n\r\n\t<p>kapit\u00e1n A :\u00a0 Tibor \u010cajka<\/p>\n\t\r\n<\/div><div class=\"norebro-cta-sc call-to-action btn-efekt\"\r\n\tid=\"norebro-custom-69ecd0858b9dc\"\r\n\t \r\n\t>\r\n\r\n\t<div class=\"content-center\">\r\n\t\t\r\n\r\n\t\t<div class=\"wrap\">\r\n\t\t\t<a href=\"http:\/\/www.stolnytenis-zahorskabystrica.sk\/sk\/ligy\/bratislavska-liga-muzi-a\/\" \r\n\t\t\tclass=\"btn btn-white btn-squared btn-large btn-efekt\">\r\n\t\t\t\t\t\t\t\t\r\n\t\t\t\t<span class=\"text1\">Zisti\u0165 viac<\/span>\r\n\t\t\t\t\r\n\t\t\t\t\t\t\t\t\t<span class=\"icon linea-arrows-right-double\"><\/span>\r\n\t\t\t\t\t\t\t<\/a>\r\n\t\t<\/div>\r\n\t\t\r\n\t\t<div class=\"wrap display\">\r\n\t\t\t<h3 class=\"title\">\r\n\t\t\t\t\t\t\t<\/h3>\r\n\t\t\t\t\t<\/div>\r\n\t<\/div>\r\n\r\n<\/div>[\/vc_column_inner][\/vc_row_inner]\t\r\n<\/div><div class=\"slider-wrap\">\r\n\r\n\t[vc_row_inner css=&#8220;.vc_custom_1588007335352{padding-top: 10px !important;padding-right: 40px !important;padding-bottom: 40px !important;padding-left: 40px !important;}&#8220; el_class=&#8220;produkty-1&#8243;][vc_column_inner el_class=&#8220;foto&#8220; width=&#8220;5\/6&#8243; css=&#8220;.vc_custom_1619371556006{background-image: url(http:\/\/www.stolnytenis-zahorskabystrica.sk\/sk\/wp-content\/uploads\/2020\/12\/mika-baumeister-KP8lBWT6CaQ-unsplash-scaled.jpg?id=5673919) !important;}&#8220; offset=&#8220;vc_col-lg-offset-1 vc_col-lg-10 vc_col-md-offset-1 vc_col-md-10 vc_col-sm-offset-1 vc_col-xs-12&#8243;][\/vc_column_inner][\/vc_row_inner][vc_row_inner el_class=&#8220;produkty-2&#8243;][vc_column_inner el_class=&#8220;popis&#8220; width=&#8220;5\/12&#8243; offset=&#8220;vc_col-lg-offset-7 vc_col-lg-5 vc_col-md-offset-7 vc_col-md-5 vc_col-sm-offset-7 vc_col-xs-offset-1\/5 vc_col-xs-4\/5&#8243;][vc_custom_heading text=&#8220;Na\u0161e dru\u017estvo C &#8211; 9 liga&#8220; use_theme_fonts=&#8220;yes&#8220;]<div class=\"norebro-text-sc \" \r\n\tid=\"norebro-custom-69ecd0858ba61\" \r\n\t \r\n\t>\r\n\r\n\t<p>Kapit\u00e1n C : Stanislav Va\u0148o<\/p>\n\t\r\n<\/div><div class=\"norebro-cta-sc call-to-action btn-efekt\"\r\n\tid=\"norebro-custom-69ecd0858bab3\"\r\n\t \r\n\t>\r\n\r\n\t<div class=\"content-center\">\r\n\t\t\r\n\r\n\t\t<div class=\"wrap\">\r\n\t\t\t<a href=\"http:\/\/www.stolnytenis-zahorskabystrica.sk\/sk\/ligy\/bratislavska-liga-muzi-c\/\" \r\n\t\t\tclass=\"btn btn-white btn-squared btn-large btn-efekt\">\r\n\t\t\t\t\t\t\t\t\r\n\t\t\t\t<span class=\"text1\">Zisti\u0165 viac<\/span>\r\n\t\t\t\t\r\n\t\t\t\t\t\t\t\t\t<span class=\"icon linea-arrows-right-double\"><\/span>\r\n\t\t\t\t\t\t\t<\/a>\r\n\t\t<\/div>\r\n\t\t\r\n\t\t<div class=\"wrap display\">\r\n\t\t\t<h3 class=\"title\">\r\n\t\t\t\t\t\t\t<\/h3>\r\n\t\t\t\t\t<\/div>\r\n\t<\/div>\r\n\r\n<\/div>[\/vc_column_inner][\/vc_row_inner]\t\r\n<\/div><div class=\"slider-wrap\">\r\n\r\n\t[vc_row_inner css=&#8220;.vc_custom_1588007335352{padding-top: 10px !important;padding-right: 40px !important;padding-bottom: 40px !important;padding-left: 40px !important;}&#8220; el_class=&#8220;produkty-1&#8243;][vc_column_inner el_class=&#8220;foto&#8220; width=&#8220;5\/6&#8243; css=&#8220;.vc_custom_1649526652613{background-image: url(http:\/\/www.stolnytenis-zahorskabystrica.sk\/sk\/wp-content\/uploads\/2021\/04\/2019_Turnaje-scaled.jpg?id=5674747) !important;}&#8220; offset=&#8220;vc_col-lg-offset-1 vc_col-lg-10 vc_col-md-offset-1 vc_col-md-10 vc_col-sm-offset-1 vc_col-xs-12&#8243;][\/vc_column_inner][\/vc_row_inner][vc_row_inner el_class=&#8220;produkty-2&#8243;][vc_column_inner el_class=&#8220;popis&#8220; width=&#8220;5\/12&#8243; offset=&#8220;vc_col-lg-offset-7 vc_col-lg-5 vc_col-md-offset-7 vc_col-md-5 vc_col-sm-offset-7 vc_col-xs-offset-1\/5 vc_col-xs-4\/5&#8243;][vc_custom_heading text=&#8220;Na\u0161e dru\u017estvo D &#8211; 9 liga&#8220; use_theme_fonts=&#8220;yes&#8220;]<div class=\"norebro-text-sc \" \r\n\tid=\"norebro-custom-69ecd0858bb61\" \r\n\t \r\n\t>\r\n\r\n\t<p>Kapit\u00e1n D : Miloslav Sajan<\/p>\n\t\r\n<\/div><div class=\"norebro-cta-sc call-to-action btn-efekt\"\r\n\tid=\"norebro-custom-69ecd0858bbd2\"\r\n\t \r\n\t>\r\n\r\n\t<div class=\"content-center\">\r\n\t\t\r\n\r\n\t\t<div class=\"wrap\">\r\n\t\t\t<a href=\"http:\/\/www.stolnytenis-zahorskabystrica.sk\/sk\/ligy\/bratislavska-liga-muzi-c\/\" \r\n\t\t\tclass=\"btn btn-white btn-squared btn-large btn-efekt\">\r\n\t\t\t\t\t\t\t\t\r\n\t\t\t\t<span class=\"text1\">Zisti\u0165 viac<\/span>\r\n\t\t\t\t\r\n\t\t\t\t\t\t\t\t\t<span class=\"icon linea-arrows-right-double\"><\/span>\r\n\t\t\t\t\t\t\t<\/a>\r\n\t\t<\/div>\r\n\t\t\r\n\t\t<div class=\"wrap display\">\r\n\t\t\t<h3 class=\"title\">\r\n\t\t\t\t\t\t\t<\/h3>\r\n\t\t\t\t\t<\/div>\r\n\t<\/div>\r\n\r\n<\/div>[\/vc_column_inner][\/vc_row_inner]\t\r\n<\/div>\t\t\r\n\t<\/div>\r\n<\/div>[\/vc_column][\/vc_row][vc_row full_width=&#8220;stretch_row&#8220; css=&#8220;.vc_custom_1607865484795{margin-top: 50px !important;padding-bottom: 20px !important;}&#8220; el_class=&#8220;produkt-page margin-fix&#8220;][vc_column width=&#8220;2\/3&#8243; offset=&#8220;vc_col-lg-offset-2 vc_col-lg-8 vc_col-md-offset-2 vc_col-md-8 vc_col-sm-offset-2&#8243;][vc_column_text el_class=&#8220;kontaktny-formular&#8220;]\n<div class=\"caldera-grid\" id=\"caldera_form_1\" data-cf-ver=\"1.9.2\" data-cf-form-id=\"CF5ea816fbbc64d\"><div id=\"caldera_notices_1\" data-spinner=\"https:\/\/www.stolnytenis-zahorskabystrica.sk\/sk\/wp-admin\/images\/spinner.gif\"><\/div><form data-instance=\"1\" class=\"CF5ea816fbbc64d caldera_forms_form cfajax-trigger\" method=\"POST\" enctype=\"multipart\/form-data\" id=\"CF5ea816fbbc64d_1\" data-form-id=\"CF5ea816fbbc64d\" aria-label=\"Kontakt\" data-target=\"#caldera_notices_1\" data-template=\"#cfajax_CF5ea816fbbc64d-tmpl\" data-cfajax=\"CF5ea816fbbc64d\" data-load-element=\"_parent\" data-load-class=\"cf_processing\" data-post-disable=\"0\" data-action=\"cf_process_ajax_submit\" data-request=\"https:\/\/www.stolnytenis-zahorskabystrica.sk\/sk\/cf-api\/CF5ea816fbbc64d\" data-hiderows=\"true\">\r\n<input type=\"hidden\" id=\"_cf_verify_CF5ea816fbbc64d\" name=\"_cf_verify\" value=\"879ce95fd7\"  data-nonce-time=\"1777127557\" \/><input type=\"hidden\" name=\"_wp_http_referer\" value=\"\/sk\/wp-json\/wp\/v2\/pages\/5673964\" \/><div id=\"cf2-CF5ea816fbbc64d_1\"><\/div><input type=\"hidden\" name=\"_cf_frm_id\" value=\"CF5ea816fbbc64d\">\r\n<input type=\"hidden\" name=\"_cf_frm_ct\" value=\"1\">\r\n<input type=\"hidden\" name=\"cfajax\" value=\"CF5ea816fbbc64d\">\r\n<input type=\"hidden\" name=\"_cf_cr_pst\" value=\"5673964\">\r\n<div class=\"hide\" style=\"display:none; overflow:hidden;height:0;width:0;\">\r\n<label>Order Number<\/label><input type=\"text\" name=\"order_number\" value=\"\" autocomplete=\"off\">\r\n<\/div><div id=\"CF5ea816fbbc64d_1-row-1\"  class=\"row  first_row\"><div  class=\"col-sm-12  single\"><div class=\"\"><h2>M\u00e1te z\u00e1ujem o na\u0161e slu\u017eby?<\/h2>\n<p>Uve\u010fte va\u0161e \u00fadaje a my v\u00e1s budeme obratom kontaktova\u0165.<\/p>\n<hr>\n<\/div><\/div><\/div><div id=\"CF5ea816fbbc64d_1-row-2\"  class=\"row \"><div  class=\"col-sm-6  first_col\"><div data-field-wrapper=\"fld_8768091\" class=\"form-group\" id=\"fld_8768091_1-wrap\">\r\n\t<label id=\"fld_8768091Label\" for=\"fld_8768091_1\" class=\"control-label screen-reader-text sr-only\">Meno<\/label>\r\n\t<div class=\"\">\r\n\t\t<input placeholder=\"Meno\"  required type=\"text\" data-field=\"fld_8768091\" class=\" form-control\" id=\"fld_8768091_1\" name=\"fld_8768091\" value=\"\" data-type=\"text\" aria-required=\"true\"   aria-labelledby=\"fld_8768091Label\" >\t\t\t<\/div>\r\n<\/div>\r\n<div data-field-wrapper=\"fld_9970286\" class=\"form-group\" id=\"fld_9970286_1-wrap\">\r\n\t<label id=\"fld_9970286Label\" for=\"fld_9970286_1\" class=\"control-label screen-reader-text sr-only\">Priezvisko<\/label>\r\n\t<div class=\"\">\r\n\t\t<input placeholder=\"Priezvisko\"  required type=\"text\" data-field=\"fld_9970286\" class=\" form-control\" id=\"fld_9970286_1\" name=\"fld_9970286\" value=\"\" data-type=\"text\" aria-required=\"true\"   aria-labelledby=\"fld_9970286Label\" >\t\t\t<\/div>\r\n<\/div>\r\n<\/div><div  class=\"col-sm-6  last_col\"><div data-field-wrapper=\"fld_6009157\" class=\"form-group\" id=\"fld_6009157_1-wrap\">\r\n\t<label id=\"fld_6009157Label\" for=\"fld_6009157_1\" class=\"control-label screen-reader-text sr-only\">Email<\/label>\r\n\t<div class=\"\">\r\n\t\t<input placeholder=\"Email\"  required type=\"email\" data-field=\"fld_6009157\" class=\" form-control\" id=\"fld_6009157_1\" name=\"fld_6009157\" value=\"\" data-type=\"email\" aria-required=\"true\"   aria-labelledby=\"fld_6009157Label\" >\t\t\t<\/div>\r\n<\/div>\r\n<div data-field-wrapper=\"fld_1620163\" class=\"form-group\" id=\"fld_1620163_1-wrap\">\r\n\t<label id=\"fld_1620163Label\" for=\"fld_1620163_1\" class=\"control-label screen-reader-text sr-only\">Tel<\/label>\r\n\t<div class=\"\">\r\n\t\t<input placeholder=\"Telef\u00f3n\"  required type=\"text\" data-field=\"fld_1620163\" class=\" form-control\" id=\"fld_1620163_1\" name=\"fld_1620163\" value=\"\" data-type=\"text\" aria-required=\"true\"   aria-labelledby=\"fld_1620163Label\" >\t\t\t<\/div>\r\n<\/div>\r\n<\/div><\/div><div id=\"CF5ea816fbbc64d_1-row-3\"  class=\"row \"><div  class=\"col-sm-12  single\"><div data-field-wrapper=\"fld_7683514\" class=\"form-group\" id=\"fld_7683514_1-wrap\">\r\n\t<label id=\"fld_7683514Label\" for=\"fld_7683514_1\" class=\"control-label screen-reader-text sr-only\">Spr\u00e1va<\/label>\r\n\t<div class=\"\">\r\n\t\t<textarea name=\"fld_7683514\" value=\"\" data-field=\"fld_7683514\" class=\"form-control\" id=\"fld_7683514_1\" rows=\"7\" placeholder=\"M\u00e1te z\u00e1ujem o na\u0161e slu\u017eby? Budeme v\u00e1s obratom kontaktova\u0165.\"  required=\"required\"  aria-labelledby=\"fld_7683514Label\" ><\/textarea>\r\n\t\t\t<\/div>\r\n<\/div>\r\n<\/div><\/div><div id=\"CF5ea816fbbc64d_1-row-4\"  class=\"row \"><div  class=\"col-sm-12  single\"><div data-field-wrapper=\"fld_8976655\" class=\"form-group\" id=\"fld_8976655_1-wrap\">\r\n\t<label id=\"fld_8976655Label\" for=\"fld_8976655_1\" class=\"control-label screen-reader-text sr-only\">GDPR<\/label>\r\n\t<div class=\"\">\r\n\t\t\t\t\t\t\t\t\t\t\t<div class=\"checkbox\">\r\n\t\t\t\t\r\n                <label                         for=\"fld_8976655_1_opt1267649\"\r\n                >\r\n                            <input\r\n                                data-parsley-required=\"true\" data-parsley-group=\"fld_8976655_1\" data-parsley-multiple=\"fld_8976655_1\"                                type=\"checkbox\"\r\n                                data-label=\"&lt;a href=&quot;http:\/\/www.stolnytenis-zahorskabystrica.sk\/sk\/spracovanie-osobnych-udajov-pre-marketing\/&quot;&gt;S\u00fahlas\u00edm so spracovan\u00edm osobn\u00fdch \u00fadajov v s\u00falade s nariaden\u00edm GDPR o ochrane osobn\u00fdch \u00fadajov&lt;\/a&gt;\"\r\n                                data-field=\"fld_8976655\"\r\n                                id=\"fld_8976655_1_opt1267649\"\r\n                                class=\"fld_8976655_1 option-required\"\r\n                                name=\"fld_8976655[opt1267649]\"\r\n                                value=\"&lt;a href=&quot;http:\/\/www.stolnytenis-zahorskabystrica.sk\/sk\/spracovanie-osobnych-udajov-pre-marketing\/&quot;&gt;S\u00fahlas\u00edm so spracovan\u00edm osobn\u00fdch \u00fadajov v s\u00falade s nariaden\u00edm GDPR o ochrane osobn\u00fdch \u00fadajov&lt;\/a&gt;\"\r\n                                                                data-type=\"checkbox\"\r\n                                data-checkbox-field=\"fld_8976655_1\"\r\n                                                                data-calc-value=\"&lt;a href=&quot;http:\/\/www.stolnytenis-zahorskabystrica.sk\/sk\/spracovanie-osobnych-udajov-pre-marketing\/&quot;&lt;\/a&gt;\"\r\n                            >\r\n                    <a href=\"http:\/\/www.stolnytenis-zahorskabystrica.sk\/sk\/spracovanie-osobnych-udajov-pre-marketing\/\">S\u00fahlas\u00edm so spracovan\u00edm osobn\u00fdch \u00fadajov v s\u00falade s nariaden\u00edm GDPR o ochrane osobn\u00fdch \u00fadajov<\/a>                <\/label>\r\n\r\n                \t\t\t\t\t<\/div>\r\n\t\t\t\t\t\t\t\t\t\t\t<\/div>\r\n<\/div>\r\n<\/div><\/div><div id=\"CF5ea816fbbc64d_1-row-5\"  class=\"row  last_row\"><div  class=\"col-sm-12  single\"><div data-field-wrapper=\"fld_7908577\" class=\"form-group\" id=\"fld_7908577_1-wrap\">\r\n<div class=\"\">\r\n\t<input  class=\"btn btn-default btn-formular\" type=\"submit\" name=\"fld_7908577\" id=\"fld_7908577_1\" value=\"Posla\u0165 spr\u00e1vu\" data-field=\"fld_7908577\"  >\r\n<\/div>\r\n<\/div>\r\n\t<input class=\"button_trigger_1\" type=\"hidden\" name=\"fld_7908577\" id=\"fld_7908577_1_btn\" value=\"\" data-field=\"fld_7908577\"  \/>\r\n<\/div><\/div><\/form>\r\n<\/div>\r\n\n[\/vc_column_text][\/vc_column][\/vc_row]\n","protected":false},"excerpt":{"rendered":"<p>[vc_row el_class=&#8220;klienti top&#8220; css=&#8220;.vc_custom_1603039868299{margin-bottom: 10px !important;}&#8220;][vc_column width=&#8220;1\/2&#8243; offset=&#8220;vc_col-lg-offset-3 vc_col-lg-6 vc_col-md-offset-3 vc_col-md-6 vc_col-sm-offset-3&#8243;][vc_custom_heading text=&#8220;BRATISLAVSK\u00c9 LIGY&#8220;&#8230;<\/p>\n","protected":false},"author":2,"featured_media":0,"parent":0,"menu_order":0,"comment_status":"closed","ping_status":"closed","template":"","meta":[],"yoast_head":"<!-- This site is optimized with the Yoast SEO plugin v14.9 - https:\/\/yoast.com\/wordpress\/plugins\/seo\/ -->\n<title>Bratislavsk\u00e9 ligy | stolnytenis-zahorskabystrica.sk\/sk<\/title>\n<meta name=\"description\" content=\"Bratislavsk\u00e9 ligy\" \/>\n<meta name=\"robots\" content=\"index, follow, max-snippet:-1, max-image-preview:large, max-video-preview:-1\" \/>\n<link rel=\"canonical\" href=\"http:\/\/www.stolnytenis-zahorskabystrica.sk\/sk\/bratislavske-ligy\/\" \/>\n<meta property=\"og:locale\" content=\"sk_SK\" \/>\n<meta property=\"og:type\" content=\"article\" \/>\n<meta property=\"og:title\" content=\"Bratislavsk\u00e9 ligy | stolnytenis-zahorskabystrica.sk\/sk\" \/>\n<meta property=\"og:description\" content=\"Bratislavsk\u00e9 ligy\" \/>\n<meta property=\"og:url\" content=\"http:\/\/www.stolnytenis-zahorskabystrica.sk\/sk\/bratislavske-ligy\/\" \/>\n<meta property=\"og:site_name\" content=\"stolnytenis-zahorskabystrica.sk\/sk\" \/>\n<meta property=\"article:modified_time\" content=\"2025-04-03T23:45:20+00:00\" \/>\n<meta name=\"twitter:card\" content=\"summary_large_image\" \/>\n<script type=\"application\/ld+json\" class=\"yoast-schema-graph\">{\"@context\":\"https:\/\/schema.org\",\"@graph\":[{\"@type\":\"Organization\",\"@id\":\"https:\/\/www.stolnytenis-zahorskabystrica.sk\/sk\/#organization\",\"name\":\"Spolo\\u010denstvo Priate\\u013eov Stoln\\u00e9ho Tenisu \\u2013 Z\\u00e1horsk\\u00e1 Bystrica\",\"url\":\"https:\/\/www.stolnytenis-zahorskabystrica.sk\/sk\/\",\"sameAs\":[],\"logo\":{\"@type\":\"ImageObject\",\"@id\":\"https:\/\/www.stolnytenis-zahorskabystrica.sk\/sk\/#logo\",\"inLanguage\":\"sk-SK\",\"url\":\"https:\/\/www.stolnytenis-zahorskabystrica.sk\/sk\/wp-content\/uploads\/2020\/12\/logo.png\",\"width\":129,\"height\":111,\"caption\":\"Spolo\\u010denstvo Priate\\u013eov Stoln\\u00e9ho Tenisu \\u2013 Z\\u00e1horsk\\u00e1 Bystrica\"},\"image\":{\"@id\":\"https:\/\/www.stolnytenis-zahorskabystrica.sk\/sk\/#logo\"}},{\"@type\":\"WebSite\",\"@id\":\"https:\/\/www.stolnytenis-zahorskabystrica.sk\/sk\/#website\",\"url\":\"https:\/\/www.stolnytenis-zahorskabystrica.sk\/sk\/\",\"name\":\"stolnytenis-zahorskabystrica.sk\/sk\",\"description\":\"Stoln\\u00fd tenis je hra, tak sa po\\u010fme v\\u0161etci hra\\u0165\",\"publisher\":{\"@id\":\"https:\/\/www.stolnytenis-zahorskabystrica.sk\/sk\/#organization\"},\"potentialAction\":[{\"@type\":\"SearchAction\",\"target\":\"https:\/\/www.stolnytenis-zahorskabystrica.sk\/sk\/?s={search_term_string}\",\"query-input\":\"required name=search_term_string\"}],\"inLanguage\":\"sk-SK\"},{\"@type\":\"WebPage\",\"@id\":\"http:\/\/www.stolnytenis-zahorskabystrica.sk\/sk\/bratislavske-ligy\/#webpage\",\"url\":\"http:\/\/www.stolnytenis-zahorskabystrica.sk\/sk\/bratislavske-ligy\/\",\"name\":\"Bratislavsk\\u00e9 ligy | stolnytenis-zahorskabystrica.sk\/sk\",\"isPartOf\":{\"@id\":\"https:\/\/www.stolnytenis-zahorskabystrica.sk\/sk\/#website\"},\"datePublished\":\"2020-12-11T17:16:04+00:00\",\"dateModified\":\"2025-04-03T23:45:20+00:00\",\"description\":\"Bratislavsk\\u00e9 ligy\",\"inLanguage\":\"sk-SK\",\"potentialAction\":[{\"@type\":\"ReadAction\",\"target\":[\"http:\/\/www.stolnytenis-zahorskabystrica.sk\/sk\/bratislavske-ligy\/\"]}]}]}<\/script>\n<!-- \/ Yoast SEO plugin. -->","_links":{"self":[{"href":"https:\/\/www.stolnytenis-zahorskabystrica.sk\/sk\/wp-json\/wp\/v2\/pages\/5673964"}],"collection":[{"href":"https:\/\/www.stolnytenis-zahorskabystrica.sk\/sk\/wp-json\/wp\/v2\/pages"}],"about":[{"href":"https:\/\/www.stolnytenis-zahorskabystrica.sk\/sk\/wp-json\/wp\/v2\/types\/page"}],"author":[{"embeddable":true,"href":"https:\/\/www.stolnytenis-zahorskabystrica.sk\/sk\/wp-json\/wp\/v2\/users\/2"}],"replies":[{"embeddable":true,"href":"https:\/\/www.stolnytenis-zahorskabystrica.sk\/sk\/wp-json\/wp\/v2\/comments?post=5673964"}],"version-history":[{"count":6,"href":"https:\/\/www.stolnytenis-zahorskabystrica.sk\/sk\/wp-json\/wp\/v2\/pages\/5673964\/revisions"}],"predecessor-version":[{"id":5674816,"href":"https:\/\/www.stolnytenis-zahorskabystrica.sk\/sk\/wp-json\/wp\/v2\/pages\/5673964\/revisions\/5674816"}],"wp:attachment":[{"href":"https:\/\/www.stolnytenis-zahorskabystrica.sk\/sk\/wp-json\/wp\/v2\/media?parent=5673964"}],"curies":[{"name":"wp","href":"https:\/\/api.w.org\/{rel}","templated":true}]}}